{"id":28,"date":"2021-01-05T14:23:32","date_gmt":"2021-01-05T13:23:32","guid":{"rendered":"https:\/\/dekarbonizacemotorupraha.cz\/?page_id=28"},"modified":"2021-01-28T12:52:16","modified_gmt":"2021-01-28T11:52:16","slug":"hlavni-stranka-2","status":"publish","type":"page","link":"https:\/\/dekarbonizacemotorupraha.cz\/","title":{"rendered":"Hlavn\u00ed str\u00e1nka"},"content":{"rendered":"\n<h4 class=\"has-text-align-center wp-block-heading\">CO VY\u010cIST\u00cdME<\/h4>\n\n\n\n<p class=\"has-text-align-center\">Stroj s vod\u00edkem napoj\u00edme do s\u00e1n\u00ed Va\u0161eho vozu a za chodu motoru se postupn\u011b pro\u010dist\u00ed a dekarbonizuj\u00ed tyto \u010d\u00e1sti:<\/p>\n\n\n\n<div class=\"wp-block-columns alignfull are-vertically-aligned-center is-layout-flex wp-container-core-columns-is-layout-28f84493 wp-block-columns-is-layout-flex\">\n<div class=\"wp-block-column is-vertically-aligned-center is-layout-flow wp-block-column-is-layout-flow\">\n<h4 class=\"has-text-align-center wp-block-heading\">Dieselov\u00e9 vst\u0159ikova\u010de<\/h4>\n\n\n\n<h4 class=\"has-text-align-center wp-block-heading\">Benz\u00ednov\u00e9 vst\u0159ikova\u010de<\/h4>\n\n\n\n<h4 class=\"has-text-align-center wp-block-heading\">Turbodmychadlo<\/h4>\n<\/div>\n\n\n\n<div class=\"wp-block-column is-vertically-aligned-center is-layout-flow wp-block-column-is-layout-flow\">\n<h4 class=\"has-text-align-center wp-block-heading\">Ventily<\/h4>\n\n\n\n<h4 class=\"has-text-align-center wp-block-heading\">Lambdasondy<\/h4>\n\n\n\n<h4 class=\"has-text-align-center wp-block-heading\">Filtr pevn\u00fdch \u010d\u00e1stic<\/h4>\n<\/div>\n\n\n\n<div class=\"wp-block-column is-vertically-aligned-center is-layout-flow wp-block-column-is-layout-flow\">\n<h4 class=\"has-text-align-center wp-block-heading\">P\u00edstn\u00ed krou\u017eky<\/h4>\n\n\n\n<h4 class=\"has-text-align-center wp-block-heading\">Katalyz\u00e1tor<\/h4>\n\n\n\n<h4 class=\"has-text-align-center wp-block-heading\">Zapalovac\u00ed sv\u00ed\u010dky<\/h4>\n<\/div>\n<\/div>\n","protected":false},"excerpt":{"rendered":"<p>CO VY\u010cIST\u00cdME Stroj s vod\u00edkem napoj\u00edme do s\u00e1n\u00ed Va\u0161eho vozu a za chodu motoru se postupn\u011b pro\u010dist\u00ed a dekarbonizuj\u00ed tyto \u010d\u00e1sti: Dieselov\u00e9 vst\u0159ikova\u010de Benz\u00ednov\u00e9 vst\u0159ikova\u010de Turbodmychadlo Ventily Lambdasondy Filtr pevn\u00fdch \u010d\u00e1stic P\u00edstn\u00ed krou\u017eky Katalyz\u00e1tor Zapalovac\u00ed sv\u00ed\u010dky<\/p>\n","protected":false},"author":1,"featured_media":40,"parent":0,"menu_order":0,"comment_status":"closed","ping_status":"closed","template":"","meta":{"footnotes":""},"class_list":["post-28","page","type-page","status-publish","has-post-thumbnail","hentry"],"yoast_head":"<!-- This site is optimized with the Yoast SEO plugin v27.4 - https:\/\/yoast.com\/product\/yoast-seo-wordpress\/ -->\r\n<title>Hlavn\u00ed str\u00e1nka - Dekarbonizace motoru Praha<\/title>\r\n<meta name=\"robots\" content=\"index, follow, max-snippet:-1, max-image-preview:large, max-video-preview:-1\" \/>\r\n<link rel=\"canonical\" href=\"https:\/\/dekarbonizacemotorupraha.cz\/\" \/>\r\n<meta property=\"og:locale\" content=\"cs_CZ\" \/>\r\n<meta property=\"og:type\" content=\"article\" \/>\r\n<meta property=\"og:title\" content=\"Hlavn\u00ed str\u00e1nka - Dekarbonizace motoru Praha\" \/>\r\n<meta property=\"og:description\" content=\"CO VY\u010cIST\u00cdME Stroj s vod\u00edkem napoj\u00edme do s\u00e1n\u00ed Va\u0161eho vozu a za chodu motoru se postupn\u011b pro\u010dist\u00ed a dekarbonizuj\u00ed tyto \u010d\u00e1sti: Dieselov\u00e9 vst\u0159ikova\u010de Benz\u00ednov\u00e9 vst\u0159ikova\u010de Turbodmychadlo Ventily Lambdasondy Filtr pevn\u00fdch \u010d\u00e1stic P\u00edstn\u00ed krou\u017eky Katalyz\u00e1tor Zapalovac\u00ed sv\u00ed\u010dky\" \/>\r\n<meta property=\"og:url\" content=\"https:\/\/dekarbonizacemotorupraha.cz\/\" \/>\r\n<meta property=\"og:site_name\" content=\"Dekarbonizace motoru Praha\" \/>\r\n<meta property=\"article:publisher\" content=\"https:\/\/facebook.com\/dekarbonizace.motoru.praha\/\" \/>\r\n<meta property=\"article:modified_time\" content=\"2021-01-28T11:52:16+00:00\" \/>\r\n<meta property=\"og:image\" content=\"https:\/\/dekarbonizacemotorupraha.cz\/wp-content\/uploads\/2021\/01\/shutterstock_1714725901-scaled.jpg\" \/>\r\n\t<meta property=\"og:image:width\" content=\"2560\" \/>\r\n\t<meta property=\"og:image:height\" content=\"1891\" \/>\r\n\t<meta property=\"og:image:type\" content=\"image\/jpeg\" \/>\r\n<meta name=\"twitter:card\" content=\"summary_large_image\" \/>\r\n<script type=\"application\/ld+json\" class=\"yoast-schema-graph\">{\"@context\":\"https:\\\/\\\/schema.org\",\"@graph\":[{\"@type\":\"WebPage\",\"@id\":\"https:\\\/\\\/dekarbonizacemotorupraha.cz\\\/\",\"url\":\"https:\\\/\\\/dekarbonizacemotorupraha.cz\\\/\",\"name\":\"Hlavn\u00ed str\u00e1nka - Dekarbonizace motoru Praha\",\"isPartOf\":{\"@id\":\"https:\\\/\\\/dekarbonizacemotorupraha.cz\\\/#website\"},\"primaryImageOfPage\":{\"@id\":\"https:\\\/\\\/dekarbonizacemotorupraha.cz\\\/#primaryimage\"},\"image\":{\"@id\":\"https:\\\/\\\/dekarbonizacemotorupraha.cz\\\/#primaryimage\"},\"thumbnailUrl\":\"https:\\\/\\\/dekarbonizacemotorupraha.cz\\\/wp-content\\\/uploads\\\/2021\\\/01\\\/shutterstock_1714725901-scaled.jpg\",\"datePublished\":\"2021-01-05T13:23:32+00:00\",\"dateModified\":\"2021-01-28T11:52:16+00:00\",\"breadcrumb\":{\"@id\":\"https:\\\/\\\/dekarbonizacemotorupraha.cz\\\/#breadcrumb\"},\"inLanguage\":\"cs\",\"potentialAction\":[{\"@type\":\"ReadAction\",\"target\":[\"https:\\\/\\\/dekarbonizacemotorupraha.cz\\\/\"]}]},{\"@type\":\"ImageObject\",\"inLanguage\":\"cs\",\"@id\":\"https:\\\/\\\/dekarbonizacemotorupraha.cz\\\/#primaryimage\",\"url\":\"https:\\\/\\\/dekarbonizacemotorupraha.cz\\\/wp-content\\\/uploads\\\/2021\\\/01\\\/shutterstock_1714725901-scaled.jpg\",\"contentUrl\":\"https:\\\/\\\/dekarbonizacemotorupraha.cz\\\/wp-content\\\/uploads\\\/2021\\\/01\\\/shutterstock_1714725901-scaled.jpg\",\"width\":2560,\"height\":1891},{\"@type\":\"BreadcrumbList\",\"@id\":\"https:\\\/\\\/dekarbonizacemotorupraha.cz\\\/#breadcrumb\",\"itemListElement\":[{\"@type\":\"ListItem\",\"position\":1,\"name\":\"Dom\u016f\",\"item\":\"https:\\\/\\\/dekarbonizacemotorupraha.cz\\\/\"},{\"@type\":\"ListItem\",\"position\":2,\"name\":\"Hlavn\u00ed str\u00e1nka\"}]},{\"@type\":\"WebSite\",\"@id\":\"https:\\\/\\\/dekarbonizacemotorupraha.cz\\\/#website\",\"url\":\"https:\\\/\\\/dekarbonizacemotorupraha.cz\\\/\",\"name\":\"Dekarbonizace motoru Praha\",\"description\":\"Technologie vod\u00edku pro v\u00e1\u0161 motor!\",\"publisher\":{\"@id\":\"https:\\\/\\\/dekarbonizacemotorupraha.cz\\\/#organization\"},\"potentialAction\":[{\"@type\":\"SearchAction\",\"target\":{\"@type\":\"EntryPoint\",\"urlTemplate\":\"https:\\\/\\\/dekarbonizacemotorupraha.cz\\\/?s={search_term_string}\"},\"query-input\":{\"@type\":\"PropertyValueSpecification\",\"valueRequired\":true,\"valueName\":\"search_term_string\"}}],\"inLanguage\":\"cs\"},{\"@type\":\"Organization\",\"@id\":\"https:\\\/\\\/dekarbonizacemotorupraha.cz\\\/#organization\",\"name\":\"Dekarbonizace motoru Praha\",\"url\":\"https:\\\/\\\/dekarbonizacemotorupraha.cz\\\/\",\"logo\":{\"@type\":\"ImageObject\",\"inLanguage\":\"cs\",\"@id\":\"https:\\\/\\\/dekarbonizacemotorupraha.cz\\\/#\\\/schema\\\/logo\\\/image\\\/\",\"url\":\"https:\\\/\\\/dekarbonizacemotorupraha.cz\\\/wp-content\\\/uploads\\\/2021\\\/01\\\/shutterstock_753662800-scaled.jpg\",\"contentUrl\":\"https:\\\/\\\/dekarbonizacemotorupraha.cz\\\/wp-content\\\/uploads\\\/2021\\\/01\\\/shutterstock_753662800-scaled.jpg\",\"width\":2560,\"height\":1667,\"caption\":\"Dekarbonizace motoru Praha\"},\"image\":{\"@id\":\"https:\\\/\\\/dekarbonizacemotorupraha.cz\\\/#\\\/schema\\\/logo\\\/image\\\/\"},\"sameAs\":[\"https:\\\/\\\/facebook.com\\\/dekarbonizace.motoru.praha\\\/\"]}]}<\/script>\r\n<!-- \/ Yoast SEO plugin. -->","yoast_head_json":{"title":"Hlavn\u00ed str\u00e1nka - Dekarbonizace motoru Praha","robots":{"index":"index","follow":"follow","max-snippet":"max-snippet:-1","max-image-preview":"max-image-preview:large","max-video-preview":"max-video-preview:-1"},"canonical":"https:\/\/dekarbonizacemotorupraha.cz\/","og_locale":"cs_CZ","og_type":"article","og_title":"Hlavn\u00ed str\u00e1nka - Dekarbonizace motoru Praha","og_description":"CO VY\u010cIST\u00cdME Stroj s vod\u00edkem napoj\u00edme do s\u00e1n\u00ed Va\u0161eho vozu a za chodu motoru se postupn\u011b pro\u010dist\u00ed a dekarbonizuj\u00ed tyto \u010d\u00e1sti: Dieselov\u00e9 vst\u0159ikova\u010de Benz\u00ednov\u00e9 vst\u0159ikova\u010de Turbodmychadlo Ventily Lambdasondy Filtr pevn\u00fdch \u010d\u00e1stic P\u00edstn\u00ed krou\u017eky Katalyz\u00e1tor Zapalovac\u00ed sv\u00ed\u010dky","og_url":"https:\/\/dekarbonizacemotorupraha.cz\/","og_site_name":"Dekarbonizace motoru Praha","article_publisher":"https:\/\/facebook.com\/dekarbonizace.motoru.praha\/","article_modified_time":"2021-01-28T11:52:16+00:00","og_image":[{"width":2560,"height":1891,"url":"https:\/\/dekarbonizacemotorupraha.cz\/wp-content\/uploads\/2021\/01\/shutterstock_1714725901-scaled.jpg","type":"image\/jpeg"}],"twitter_card":"summary_large_image","schema":{"@context":"https:\/\/schema.org","@graph":[{"@type":"WebPage","@id":"https:\/\/dekarbonizacemotorupraha.cz\/","url":"https:\/\/dekarbonizacemotorupraha.cz\/","name":"Hlavn\u00ed str\u00e1nka - Dekarbonizace motoru Praha","isPartOf":{"@id":"https:\/\/dekarbonizacemotorupraha.cz\/#website"},"primaryImageOfPage":{"@id":"https:\/\/dekarbonizacemotorupraha.cz\/#primaryimage"},"image":{"@id":"https:\/\/dekarbonizacemotorupraha.cz\/#primaryimage"},"thumbnailUrl":"https:\/\/dekarbonizacemotorupraha.cz\/wp-content\/uploads\/2021\/01\/shutterstock_1714725901-scaled.jpg","datePublished":"2021-01-05T13:23:32+00:00","dateModified":"2021-01-28T11:52:16+00:00","breadcrumb":{"@id":"https:\/\/dekarbonizacemotorupraha.cz\/#breadcrumb"},"inLanguage":"cs","potentialAction":[{"@type":"ReadAction","target":["https:\/\/dekarbonizacemotorupraha.cz\/"]}]},{"@type":"ImageObject","inLanguage":"cs","@id":"https:\/\/dekarbonizacemotorupraha.cz\/#primaryimage","url":"https:\/\/dekarbonizacemotorupraha.cz\/wp-content\/uploads\/2021\/01\/shutterstock_1714725901-scaled.jpg","contentUrl":"https:\/\/dekarbonizacemotorupraha.cz\/wp-content\/uploads\/2021\/01\/shutterstock_1714725901-scaled.jpg","width":2560,"height":1891},{"@type":"BreadcrumbList","@id":"https:\/\/dekarbonizacemotorupraha.cz\/#breadcrumb","itemListElement":[{"@type":"ListItem","position":1,"name":"Dom\u016f","item":"https:\/\/dekarbonizacemotorupraha.cz\/"},{"@type":"ListItem","position":2,"name":"Hlavn\u00ed str\u00e1nka"}]},{"@type":"WebSite","@id":"https:\/\/dekarbonizacemotorupraha.cz\/#website","url":"https:\/\/dekarbonizacemotorupraha.cz\/","name":"Dekarbonizace motoru Praha","description":"Technologie vod\u00edku pro v\u00e1\u0161 motor!","publisher":{"@id":"https:\/\/dekarbonizacemotorupraha.cz\/#organization"},"potentialAction":[{"@type":"SearchAction","target":{"@type":"EntryPoint","urlTemplate":"https:\/\/dekarbonizacemotorupraha.cz\/?s={search_term_string}"},"query-input":{"@type":"PropertyValueSpecification","valueRequired":true,"valueName":"search_term_string"}}],"inLanguage":"cs"},{"@type":"Organization","@id":"https:\/\/dekarbonizacemotorupraha.cz\/#organization","name":"Dekarbonizace motoru Praha","url":"https:\/\/dekarbonizacemotorupraha.cz\/","logo":{"@type":"ImageObject","inLanguage":"cs","@id":"https:\/\/dekarbonizacemotorupraha.cz\/#\/schema\/logo\/image\/","url":"https:\/\/dekarbonizacemotorupraha.cz\/wp-content\/uploads\/2021\/01\/shutterstock_753662800-scaled.jpg","contentUrl":"https:\/\/dekarbonizacemotorupraha.cz\/wp-content\/uploads\/2021\/01\/shutterstock_753662800-scaled.jpg","width":2560,"height":1667,"caption":"Dekarbonizace motoru Praha"},"image":{"@id":"https:\/\/dekarbonizacemotorupraha.cz\/#\/schema\/logo\/image\/"},"sameAs":["https:\/\/facebook.com\/dekarbonizace.motoru.praha\/"]}]}},"_links":{"self":[{"href":"https:\/\/dekarbonizacemotorupraha.cz\/index.php\/wp-json\/wp\/v2\/pages\/28","targetHints":{"allow":["GET"]}}],"collection":[{"href":"https:\/\/dekarbonizacemotorupraha.cz\/index.php\/wp-json\/wp\/v2\/pages"}],"about":[{"href":"https:\/\/dekarbonizacemotorupraha.cz\/index.php\/wp-json\/wp\/v2\/types\/page"}],"author":[{"embeddable":true,"href":"https:\/\/dekarbonizacemotorupraha.cz\/index.php\/wp-json\/wp\/v2\/users\/1"}],"replies":[{"embeddable":true,"href":"https:\/\/dekarbonizacemotorupraha.cz\/index.php\/wp-json\/wp\/v2\/comments?post=28"}],"version-history":[{"count":5,"href":"https:\/\/dekarbonizacemotorupraha.cz\/index.php\/wp-json\/wp\/v2\/pages\/28\/revisions"}],"predecessor-version":[{"id":56,"href":"https:\/\/dekarbonizacemotorupraha.cz\/index.php\/wp-json\/wp\/v2\/pages\/28\/revisions\/56"}],"wp:featuredmedia":[{"embeddable":true,"href":"https:\/\/dekarbonizacemotorupraha.cz\/index.php\/wp-json\/wp\/v2\/media\/40"}],"wp:attachment":[{"href":"https:\/\/dekarbonizacemotorupraha.cz\/index.php\/wp-json\/wp\/v2\/media?parent=28"}],"curies":[{"name":"wp","href":"https:\/\/api.w.org\/{rel}","templated":true}]}}